{"id":6,"date":"2023-11-13T15:44:33","date_gmt":"2023-11-13T18:44:33","guid":{"rendered":"https:\/\/mlscaba.org\/?page_id=6"},"modified":"2023-11-20T20:01:11","modified_gmt":"2023-11-20T23:01:11","slug":"inicio","status":"publish","type":"page","link":"https:\/\/mlscaba.org\/","title":{"rendered":"Inicio"},"content":{"rendered":"\t\t<div data-elementor-type=\"wp-page\" data-elementor-id=\"6\" class=\"elementor elementor-6\" data-elementor-post-type=\"page\">\n\t\t\t\t\t\t\t<div class=\"elementor-element elementor-element-8c2f719 e-con-full e-flex e-con e-parent\" data-id=\"8c2f719\" data-element_type=\"container\" data-settings=\"{&quot;content_width&quot;:&quot;full&quot;}\" data-core-v316-plus=\"true\">\n\t\t\t\t<div class=\"elementor-element elementor-element-828c00d elementor-widget elementor-widget-heading\" data-id=\"828c00d\" data-element_type=\"widget\" data-widget_type=\"heading.default\">\n\t\t\t\t<div class=\"elementor-widget-container\">\n\t\t\t<style>\/*! elementor - v3.17.0 - 08-11-2023 *\/\n.elementor-heading-title{padding:0;margin:0;line-height:1}.elementor-widget-heading .elementor-heading-title[class*=elementor-size-]>a{color:inherit;font-size:inherit;line-height:inherit}.elementor-widget-heading .elementor-heading-title.elementor-size-small{font-size:15px}.elementor-widget-heading .elementor-heading-title.elementor-size-medium{font-size:19px}.elementor-widget-heading .elementor-heading-title.elementor-size-large{font-size:29px}.elementor-widget-heading .elementor-heading-title.elementor-size-xl{font-size:39px}.elementor-widget-heading .elementor-heading-title.elementor-size-xxl{font-size:59px}<\/style><h2 class=\"elementor-heading-title elementor-size-default\">PR\u00d3XIMAMENTE<\/h2>\t\t<\/div>\n\t\t\t\t<\/div>\n\t\t\t\t<div class=\"elementor-element elementor-element-fbbd4a5 elementor-widget elementor-widget-image\" data-id=\"fbbd4a5\" data-element_type=\"widget\" data-widget_type=\"image.default\">\n\t\t\t\t<div class=\"elementor-widget-container\">\n\t\t\t<style>\/*! elementor - v3.17.0 - 08-11-2023 *\/\n.elementor-widget-image{text-align:center}.elementor-widget-image a{display:inline-block}.elementor-widget-image a img[src$=\".svg\"]{width:48px}.elementor-widget-image img{vertical-align:middle;display:inline-block}<\/style>\t\t\t\t\t\t\t\t\t\t\t\t<img fetchpriority=\"high\" decoding=\"async\" width=\"800\" height=\"405\" src=\"https:\/\/mlscaba.org\/wp-content\/uploads\/2023\/11\/WEB-MLS-CABA_Mesa-de-trabajo-1-1024x519.png\" class=\"attachment-large size-large wp-image-13\" alt=\"\" srcset=\"https:\/\/mlscaba.org\/wp-content\/uploads\/2023\/11\/WEB-MLS-CABA_Mesa-de-trabajo-1-1024x519.png 1024w, https:\/\/mlscaba.org\/wp-content\/uploads\/2023\/11\/WEB-MLS-CABA_Mesa-de-trabajo-1-300x152.png 300w, https:\/\/mlscaba.org\/wp-content\/uploads\/2023\/11\/WEB-MLS-CABA_Mesa-de-trabajo-1-768x389.png 768w, https:\/\/mlscaba.org\/wp-content\/uploads\/2023\/11\/WEB-MLS-CABA_Mesa-de-trabajo-1-1536x779.png 1536w, https:\/\/mlscaba.org\/wp-content\/uploads\/2023\/11\/WEB-MLS-CABA_Mesa-de-trabajo-1-2048x1038.png 2048w\" sizes=\"(max-width: 800px) 100vw, 800px\" \/>\t\t\t\t\t\t\t\t\t\t\t\t\t\t\t<\/div>\n\t\t\t\t<\/div>\n\t\t\t\t<div class=\"elementor-element elementor-element-37f9f75 elementor-widget elementor-widget-heading\" data-id=\"37f9f75\" data-element_type=\"widget\" data-widget_type=\"heading.default\">\n\t\t\t\t<div class=\"elementor-widget-container\">\n\t\t\t<h2 class=\"elementor-heading-title elementor-size-default\">Sitio web en construcci\u00f3n<\/h2>\t\t<\/div>\n\t\t\t\t<\/div>\n\t\t\t\t<\/div>\n\t\t<div class=\"elementor-element elementor-element-2095eec e-flex e-con-boxed e-con e-parent\" data-id=\"2095eec\" data-element_type=\"container\" data-settings=\"{&quot;content_width&quot;:&quot;boxed&quot;}\" data-core-v316-plus=\"true\">\n\t\t\t\t\t<div class=\"e-con-inner\">\n\t\t\t\t<div class=\"elementor-element elementor-element-957f727 elementor-widget elementor-widget-heading\" data-id=\"957f727\" data-element_type=\"widget\" data-widget_type=\"heading.default\">\n\t\t\t\t<div class=\"elementor-widget-container\">\n\t\t\t<h2 class=\"elementor-heading-title elementor-size-default\"><a href=\"https:\/\/w.app\/mlscaba\" target=\"_blank\">Para m\u00e1s informaci\u00f3n<\/a><\/h2>\t\t<\/div>\n\t\t\t\t<\/div>\n\t\t\t\t<div class=\"elementor-element elementor-element-bae54a4 elementor-view-default elementor-widget elementor-widget-icon\" data-id=\"bae54a4\" data-element_type=\"widget\" data-widget_type=\"icon.default\">\n\t\t\t\t<div class=\"elementor-widget-container\">\n\t\t\t\t\t<div class=\"elementor-icon-wrapper\">\n\t\t\t<a class=\"elementor-icon\" href=\"https:\/\/api.whatsapp.com\/send?phone=5491161963099&#038;text=\" target=\"_blank\">\n\t\t\t<i aria-hidden=\"true\" class=\"fab fa-whatsapp-square\"><\/i>\t\t\t<\/a>\n\t\t<\/div>\n\t\t\t\t<\/div>\n\t\t\t\t<\/div>\n\t\t\t\t\t<\/div>\n\t\t\t\t<\/div>\n\t\t\t\t\t\t\t<\/div>\n\t\t","protected":false},"excerpt":{"rendered":"<p>PR\u00d3XIMAMENTE Sitio web en construcci\u00f3n Para m\u00e1s informaci\u00f3n<\/p>\n","protected":false},"author":1,"featured_media":0,"parent":0,"menu_order":0,"comment_status":"closed","ping_status":"closed","template":"","meta":{"footnotes":""},"_links":{"self":[{"href":"https:\/\/mlscaba.org\/index.php?rest_route=\/wp\/v2\/pages\/6"}],"collection":[{"href":"https:\/\/mlscaba.org\/index.php?rest_route=\/wp\/v2\/pages"}],"about":[{"href":"https:\/\/mlscaba.org\/index.php?rest_route=\/wp\/v2\/types\/page"}],"author":[{"embeddable":true,"href":"https:\/\/mlscaba.org\/index.php?rest_route=\/wp\/v2\/users\/1"}],"replies":[{"embeddable":true,"href":"https:\/\/mlscaba.org\/index.php?rest_route=%2Fwp%2Fv2%2Fcomments&post=6"}],"version-history":[{"count":43,"href":"https:\/\/mlscaba.org\/index.php?rest_route=\/wp\/v2\/pages\/6\/revisions"}],"predecessor-version":[{"id":61,"href":"https:\/\/mlscaba.org\/index.php?rest_route=\/wp\/v2\/pages\/6\/revisions\/61"}],"wp:attachment":[{"href":"https:\/\/mlscaba.org\/index.php?rest_route=%2Fwp%2Fv2%2Fmedia&parent=6"}],"curies":[{"name":"wp","href":"https:\/\/api.w.org\/{rel}","templated":true}]}}